{"id":581,"date":"2023-04-13T02:48:53","date_gmt":"2023-04-13T00:48:53","guid":{"rendered":"https:\/\/symbiotek.io\/?page_id=581"},"modified":"2023-04-13T13:03:16","modified_gmt":"2023-04-13T11:03:16","slug":"avis-de-non-responsabilite","status":"publish","type":"page","link":"https:\/\/symbiotek.io\/public\/avis-de-non-responsabilite\/","title":{"rendered":"Avis de non responsabilit\u00e9"},"content":{"rendered":"<p>[et_pb_section fb_built=\u00a0\u00bb1&Prime; theme_builder_area=\u00a0\u00bbpost_content\u00a0\u00bb _builder_version=\u00a0\u00bb4.20.4&Prime; _module_preset=\u00a0\u00bbdefault\u00a0\u00bb da_is_popup=\u00a0\u00bboff\u00a0\u00bb da_exit_intent=\u00a0\u00bboff\u00a0\u00bb da_has_close=\u00a0\u00bbon\u00a0\u00bb da_alt_close=\u00a0\u00bboff\u00a0\u00bb da_dark_close=\u00a0\u00bboff\u00a0\u00bb da_not_modal=\u00a0\u00bbon\u00a0\u00bb da_is_singular=\u00a0\u00bboff\u00a0\u00bb da_with_loader=\u00a0\u00bboff\u00a0\u00bb da_has_shadow=\u00a0\u00bbon\u00a0\u00bb da_disable_devices=\u00a0\u00bboff|off|off\u00a0\u00bb][et_pb_row _builder_version=\u00a0\u00bb4.20.4&Prime; _module_preset=\u00a0\u00bbdefault\u00a0\u00bb theme_builder_area=\u00a0\u00bbpost_content\u00a0\u00bb locked=\u00a0\u00bboff\u00a0\u00bb][et_pb_column _builder_version=\u00a0\u00bb4.20.4&Prime; _module_preset=\u00a0\u00bbdefault\u00a0\u00bb type=\u00a0\u00bb4_4&Prime; theme_builder_area=\u00a0\u00bbpost_content\u00a0\u00bb][et_pb_text _builder_version=\u00a0\u00bb4.20.4&Prime; _module_preset=\u00a0\u00bbdefault\u00a0\u00bb theme_builder_area=\u00a0\u00bbpost_content\u00a0\u00bb header_text_color=\u00a0\u00bb#2E3184&Prime; header_text_align=\u00a0\u00bbcenter\u00a0\u00bb header_font=\u00a0\u00bb|600|||||||\u00a0\u00bb hover_enabled=\u00a0\u00bb0&Prime; sticky_enabled=\u00a0\u00bb0&Prime;]<\/p>\n<h1>Avis de non responsabilit\u00e9<\/h1>\n<p>[\/et_pb_text][\/et_pb_column][\/et_pb_row][et_pb_row _builder_version=\u00a0\u00bb4.20.4&Prime; _module_preset=\u00a0\u00bbdefault\u00a0\u00bb theme_builder_area=\u00a0\u00bbpost_content\u00a0\u00bb][et_pb_column _builder_version=\u00a0\u00bb4.20.4&Prime; _module_preset=\u00a0\u00bbdefault\u00a0\u00bb type=\u00a0\u00bb4_4&Prime; theme_builder_area=\u00a0\u00bbpost_content\u00a0\u00bb][et_pb_text _builder_version=\u00a0\u00bb4.20.4&Prime; _module_preset=\u00a0\u00bbdefault\u00a0\u00bb theme_builder_area=\u00a0\u00bbpost_content\u00a0\u00bb hover_enabled=\u00a0\u00bb0&Prime; sticky_enabled=\u00a0\u00bb0&Prime;]<\/p>\n<div class=\"et_pb_module et_pb_text et_pb_text_1  et_pb_text_align_left et_pb_bg_layout_light\">\n<div class=\"et_pb_text_inner\">\n<h3 style=\"text-align: justify;\"><strong><span style=\"color: #000000;\">Droits d\u2019auteur<\/span><\/strong><\/h3>\n<p><span style=\"color: #000000;\"><\/span><\/p>\n<p style=\"text-align: justify;\"><span style=\"color: #000000;\">Tous les contenus et les \u0153uvres publi\u00e9s sur ce site sont soumis au droit d\u2019auteur. Les contributions de tiers sont signal\u00e9es comme telles. La reproduction, le traitement, la distribution et tout type d\u2019exploitation hors des limites du droit d\u2019auteur requi\u00e8rent le consentement \u00e9crit de SYMBIOTEK et de l\u2019auteur ou du cr\u00e9ateur. La reproduction ou communication, m\u00eame d\u2019extraits, des contenus doit imp\u00e9rativement \u00eatre gratuite et accompagn\u00e9e de la mention minimale de la source \u00ab symbiotek.io \u00bb. La repr\u00e9sentation de ce site dans des cadres externes requiert une autorisation \u00e9crite pr\u00e9alable.<\/span><\/p>\n<p style=\"text-align: justify;\"><span style=\"color: #000000;\"><\/span><\/p>\n<h3 style=\"text-align: justify;\"><strong><span style=\"color: #000000;\">Partenaires publicitaires<\/span><\/strong><\/h3>\n<p><span style=\"color: #000000;\"><\/span><\/p>\n<p style=\"text-align: justify;\"><span style=\"color: #000000;\">Ce site Web ne fait pas partie du site Web de Facebook ou Facebook Inc. De plus, ce site Web n\u2019est PAS approuv\u00e9 par Facebook de quelque mani\u00e8re que ce soit. FACEBOOK est une marque d\u00e9pos\u00e9e de FACEBOOK, Inc.<\/span><\/p>\n<p style=\"text-align: justify;\"><span style=\"color: #000000;\">Ce site Web et l\u2019un de nos services fournis ne sont en aucun cas li\u00e9s \u00e0 Google LLC et \u00e0 la marque Google, donc nous ne sommes pas associ\u00e9s, nous ne sommes pas des employ\u00e9s et nous ne travaillons pas pour le compte de Google LLC. Ce site n\u2019est pas fait partie de la propri\u00e9t\u00e9 de Google et de Google LLC. De plus, ce site Web n\u2019est PAS approuv\u00e9 par Google dans aucune fa\u00e7on, et n\u2019est pas approuv\u00e9 par Google. Google est une marque d\u00e9pos\u00e9e de Google LLC.<\/span><\/p>\n<p style=\"text-align: justify;\"><span style=\"color: #000000;\"><\/span><\/p>\n<h3 style=\"text-align: justify;\"><strong><span style=\"color: #000000;\">Contenu du site et des liens externes<\/span><\/strong><\/h3>\n<p><span style=\"color: #000000;\"><\/span><\/p>\n<p style=\"text-align: justify;\"><span style=\"color: #000000;\">Le contenu de ce site a \u00e9t\u00e9 compil\u00e9 avec le plus grand soin. SYMBIOTEK ne peut cependant pas garantir l\u2019exactitude, l\u2019exhaustivit\u00e9 et l\u2019actualit\u00e9 des contenus. Les informations reprises sur le Site sont exclusivement destin\u00e9es \u00e0 des fins informatives et sont communiqu\u00e9es sans aucune forme de garantie, explicite ou implicite. <\/span><span style=\"color: #000000;\">Aucun droit ne peut d\u00e9river de ces informations. <\/span><\/p>\n<p style=\"text-align: justify;\"><span style=\"color: #000000;\"><\/span><\/p>\n<p style=\"text-align: justify;\"><span style=\"color: #000000;\">Le contenu des pages externes li\u00e9es par SYMBIOTEK est toujours sous la responsabilit\u00e9 de l\u2019exploitant des sites concern\u00e9s. L\u2019absence de contenu illicite sur les pages li\u00e9es a \u00e9t\u00e9 v\u00e9rifi\u00e9 au moment o\u00f9 le lien a \u00e9t\u00e9 mis en ligne. Nous ne pouvons pas raisonnablement contr\u00f4ler en permanence le contenu des pages li\u00e9es sans indication concr\u00e8te d\u2019une infraction. Si jamais nous devions avoir connaissance d\u2019une infraction, nous supprimerions les liens concern\u00e9s.<\/span><span style=\"color: #000000;\"><\/span><\/p>\n<p style=\"text-align: justify;\"><span style=\"color: #000000;\"><\/span><\/p>\n<h3 style=\"text-align: justify;\"><span style=\"color: #000000;\"><strong>Conseil juridique ou financier<br \/><\/strong><\/span><\/h3>\n<p style=\"text-align: justify;\"><span style=\"color: #000000;\"><\/span><\/p>\n<p style=\"text-align: justify;\"><span style=\"color: #000000;\">Les informations fournies dans le cadre de conseils pour aider les entreprises dans leur d\u00e9veloppement est destin\u00e9e \u00e0 des fins \u00e9ducatives et informatives seulement. Elles ne constituent pas un avis juridique, financier ou professionnel et ne visent pas \u00e0 remplacer l&rsquo;avis d&rsquo;un expert ayant les acc\u00e8s \u00e0 la profession (avocat, conseiller financier, expert-comptable, etc). Les informations ne doivent pas \u00eatre consid\u00e9r\u00e9es comme compl\u00e8tes et ne doivent pas \u00eatre utilis\u00e9es \u00e0 la place d\u2019une consultation officielle. Les propri\u00e9taires d&rsquo;entreprise sont encourag\u00e9s \u00e0 obtenir des conseils professionnels adapt\u00e9s \u00e0 leur situation particuli\u00e8re avant de prendre des d\u00e9cisions importantes li\u00e9es \u00e0 leur entreprise. <\/span><\/p>\n<p style=\"text-align: justify;\"><span style=\"color: #000000;\">Les auteurs, les \u00e9diteurs, les contributeurs et les fournisseurs de contenu de ces conseils ne seront pas tenus responsables des erreurs ou des omissions, ni des r\u00e9sultats obtenus \u00e0 partir de l&rsquo;utilisation de cette information. En utilisant ces conseils, vous acceptez de ne pas tenir les auteurs, \u00e9diteurs, contributeurs ou fournisseurs de contenu responsables de tout dommage direct ou indirect d\u00e9coulant de l&rsquo;utilisation de ces informations.<\/span><span style=\"color: #000000;\"><\/span><span style=\"color: #000000;\"><\/span><\/p>\n<p style=\"text-align: justify;\"><span style=\"color: #000000;\"><\/span><\/p>\n<h3 style=\"text-align: justify;\"><strong><span style=\"color: #000000;\">Recours aux informations<\/span><\/strong><\/h3>\n<p style=\"text-align: justify;\"><span style=\"color: #000000;\"><\/span><\/p>\n<p style=\"text-align: justify;\"><span style=\"color: #000000;\">SYMBIOTEK n\u2019assume aucune responsabilit\u00e9 et d\u00e9cline par la pr\u00e9sente toute responsabilit\u00e9 \u00e0 l\u2019\u00e9gard d\u2019une personne ou d\u2019une entit\u00e9, pour tout dommage et toute r\u00e9clamation, responsabilit\u00e9 ou perte, y compris \u2013 sans s\u2019y imiter \u2013 toute responsabilit\u00e9 pour des pr\u00e9judices ou d\u2019autres dommages d\u00e9coulant du recours \u00e0 ce service ou de son utilisation, ou de la publication de tout contenu ou document par des tiers. Aucune utilisation des documents contenus dans ce site ni aucun recours \u00e0 ceux-ci ne pourra \u00eatre consid\u00e9r\u00e9 comme donnant lieu \u00e0 une relation telle que \u00ab\u00a0financier-client\u00a0\u00bb, \u00ab\u00a0avocat-client\u00a0\u00bb ou encore \u00ab\u00a0comptable-client\u00a0\u00bb sans que ces exemples ne soient exhaustifs. Aucun document contenu dans ce site ne pourra \u00eatre consid\u00e9r\u00e9 comme pr\u00e9sentant n\u00e9cessairement la seule ou la meilleure m\u00e9thode ou proc\u00e9dure, en lien avec un sujet abord\u00e9 par ce service; tout document de ce type doit \u00eatre consid\u00e9r\u00e9 comme refl\u00e9tant uniquement l\u2019approche ou l\u2019opinion de son auteur. Les utilisateurs du pr\u00e9sent site assument tous les risques associ\u00e9s \u00e0 l\u2019utilisation de la documentation qu\u2019il contient.<\/span><\/p>\n<\/div>\n<\/div>\n<p>[\/et_pb_text][\/et_pb_column][\/et_pb_row][\/et_pb_section]<\/p>\n","protected":false},"excerpt":{"rendered":"<p>Avis de non responsabilit\u00e9 Droits d\u2019auteur Tous les contenus et les \u0153uvres publi\u00e9s sur ce site sont soumis au droit d\u2019auteur. Les contributions de tiers sont signal\u00e9es comme telles. La reproduction, le traitement, la distribution et tout type d\u2019exploitation hors des limites du droit d\u2019auteur requi\u00e8rent le consentement \u00e9crit de SYMBIOTEK et de l\u2019auteur ou [&hellip;]<\/p>\n","protected":false},"author":3,"featured_media":0,"parent":0,"menu_order":0,"comment_status":"closed","ping_status":"closed","template":"","meta":{"_et_pb_use_builder":"on","_et_pb_old_content":"","_et_gb_content_width":"","footnotes":""},"class_list":["post-581","page","type-page","status-publish","hentry"],"yoast_head":"<!-- This site is optimized with the Yoast SEO plugin v27.3 - https:\/\/yoast.com\/product\/yoast-seo-wordpress\/ -->\n<title>Avis de non responsabilit\u00e9 - SymbioteK<\/title>\n<meta name=\"description\" content=\"L&#039;avis de non responsabilit\u00e9 pr\u00e9cise notamment que certains partenaires publicitaires n&#039;ont aucun lien d&#039;approbation avec notre site web.\" \/>\n<meta name=\"robots\" content=\"index, follow, max-snippet:-1, max-image-preview:large, max-video-preview:-1\" \/>\n<link rel=\"canonical\" href=\"https:\/\/symbiotek.io\/public\/avis-de-non-responsabilite\/\" \/>\n<meta property=\"og:locale\" content=\"fr_FR\" \/>\n<meta property=\"og:type\" content=\"article\" \/>\n<meta property=\"og:title\" content=\"Avis de non responsabilit\u00e9 - SymbioteK\" \/>\n<meta property=\"og:description\" content=\"L&#039;avis de non responsabilit\u00e9 pr\u00e9cise notamment que certains partenaires publicitaires n&#039;ont aucun lien d&#039;approbation avec notre site web.\" \/>\n<meta property=\"og:url\" content=\"https:\/\/symbiotek.io\/public\/avis-de-non-responsabilite\/\" \/>\n<meta property=\"og:site_name\" content=\"SymbioteK\" \/>\n<meta property=\"article:modified_time\" content=\"2023-04-13T11:03:16+00:00\" \/>\n<meta name=\"twitter:card\" content=\"summary_large_image\" \/>\n<script type=\"application\/ld+json\" class=\"yoast-schema-graph\">{\"@context\":\"https:\\\/\\\/schema.org\",\"@graph\":[{\"@type\":\"WebPage\",\"@id\":\"https:\\\/\\\/symbiotek.io\\\/public\\\/avis-de-non-responsabilite\\\/\",\"url\":\"https:\\\/\\\/symbiotek.io\\\/public\\\/avis-de-non-responsabilite\\\/\",\"name\":\"Avis de non responsabilit\u00e9 - SymbioteK\",\"isPartOf\":{\"@id\":\"https:\\\/\\\/symbiotek.io\\\/public\\\/#website\"},\"datePublished\":\"2023-04-13T00:48:53+00:00\",\"dateModified\":\"2023-04-13T11:03:16+00:00\",\"description\":\"L'avis de non responsabilit\u00e9 pr\u00e9cise notamment que certains partenaires publicitaires n'ont aucun lien d'approbation avec notre site web.\",\"breadcrumb\":{\"@id\":\"https:\\\/\\\/symbiotek.io\\\/public\\\/avis-de-non-responsabilite\\\/#breadcrumb\"},\"inLanguage\":\"fr-FR\",\"potentialAction\":[{\"@type\":\"ReadAction\",\"target\":[\"https:\\\/\\\/symbiotek.io\\\/public\\\/avis-de-non-responsabilite\\\/\"]}]},{\"@type\":\"BreadcrumbList\",\"@id\":\"https:\\\/\\\/symbiotek.io\\\/public\\\/avis-de-non-responsabilite\\\/#breadcrumb\",\"itemListElement\":[{\"@type\":\"ListItem\",\"position\":1,\"name\":\"Accueil\",\"item\":\"https:\\\/\\\/symbiotek.io\\\/public\\\/\"},{\"@type\":\"ListItem\",\"position\":2,\"name\":\"Avis de non responsabilit\u00e9\"}]},{\"@type\":\"WebSite\",\"@id\":\"https:\\\/\\\/symbiotek.io\\\/public\\\/#website\",\"url\":\"https:\\\/\\\/symbiotek.io\\\/public\\\/\",\"name\":\"SymbioteK\",\"description\":\"Les solutions IT qui p\u00e9rennisent votre entreprise\",\"potentialAction\":[{\"@type\":\"SearchAction\",\"target\":{\"@type\":\"EntryPoint\",\"urlTemplate\":\"https:\\\/\\\/symbiotek.io\\\/public\\\/?s={search_term_string}\"},\"query-input\":{\"@type\":\"PropertyValueSpecification\",\"valueRequired\":true,\"valueName\":\"search_term_string\"}}],\"inLanguage\":\"fr-FR\"}]}<\/script>\n<!-- \/ Yoast SEO plugin. -->","yoast_head_json":{"title":"Avis de non responsabilit\u00e9 - SymbioteK","description":"L'avis de non responsabilit\u00e9 pr\u00e9cise notamment que certains partenaires publicitaires n'ont aucun lien d'approbation avec notre site web.","robots":{"index":"index","follow":"follow","max-snippet":"max-snippet:-1","max-image-preview":"max-image-preview:large","max-video-preview":"max-video-preview:-1"},"canonical":"https:\/\/symbiotek.io\/public\/avis-de-non-responsabilite\/","og_locale":"fr_FR","og_type":"article","og_title":"Avis de non responsabilit\u00e9 - SymbioteK","og_description":"L'avis de non responsabilit\u00e9 pr\u00e9cise notamment que certains partenaires publicitaires n'ont aucun lien d'approbation avec notre site web.","og_url":"https:\/\/symbiotek.io\/public\/avis-de-non-responsabilite\/","og_site_name":"SymbioteK","article_modified_time":"2023-04-13T11:03:16+00:00","twitter_card":"summary_large_image","schema":{"@context":"https:\/\/schema.org","@graph":[{"@type":"WebPage","@id":"https:\/\/symbiotek.io\/public\/avis-de-non-responsabilite\/","url":"https:\/\/symbiotek.io\/public\/avis-de-non-responsabilite\/","name":"Avis de non responsabilit\u00e9 - SymbioteK","isPartOf":{"@id":"https:\/\/symbiotek.io\/public\/#website"},"datePublished":"2023-04-13T00:48:53+00:00","dateModified":"2023-04-13T11:03:16+00:00","description":"L'avis de non responsabilit\u00e9 pr\u00e9cise notamment que certains partenaires publicitaires n'ont aucun lien d'approbation avec notre site web.","breadcrumb":{"@id":"https:\/\/symbiotek.io\/public\/avis-de-non-responsabilite\/#breadcrumb"},"inLanguage":"fr-FR","potentialAction":[{"@type":"ReadAction","target":["https:\/\/symbiotek.io\/public\/avis-de-non-responsabilite\/"]}]},{"@type":"BreadcrumbList","@id":"https:\/\/symbiotek.io\/public\/avis-de-non-responsabilite\/#breadcrumb","itemListElement":[{"@type":"ListItem","position":1,"name":"Accueil","item":"https:\/\/symbiotek.io\/public\/"},{"@type":"ListItem","position":2,"name":"Avis de non responsabilit\u00e9"}]},{"@type":"WebSite","@id":"https:\/\/symbiotek.io\/public\/#website","url":"https:\/\/symbiotek.io\/public\/","name":"SymbioteK","description":"Les solutions IT qui p\u00e9rennisent votre entreprise","potentialAction":[{"@type":"SearchAction","target":{"@type":"EntryPoint","urlTemplate":"https:\/\/symbiotek.io\/public\/?s={search_term_string}"},"query-input":{"@type":"PropertyValueSpecification","valueRequired":true,"valueName":"search_term_string"}}],"inLanguage":"fr-FR"}]}},"_links":{"self":[{"href":"https:\/\/symbiotek.io\/public\/wp-json\/wp\/v2\/pages\/581","targetHints":{"allow":["GET"]}}],"collection":[{"href":"https:\/\/symbiotek.io\/public\/wp-json\/wp\/v2\/pages"}],"about":[{"href":"https:\/\/symbiotek.io\/public\/wp-json\/wp\/v2\/types\/page"}],"author":[{"embeddable":true,"href":"https:\/\/symbiotek.io\/public\/wp-json\/wp\/v2\/users\/3"}],"replies":[{"embeddable":true,"href":"https:\/\/symbiotek.io\/public\/wp-json\/wp\/v2\/comments?post=581"}],"version-history":[{"count":3,"href":"https:\/\/symbiotek.io\/public\/wp-json\/wp\/v2\/pages\/581\/revisions"}],"predecessor-version":[{"id":589,"href":"https:\/\/symbiotek.io\/public\/wp-json\/wp\/v2\/pages\/581\/revisions\/589"}],"wp:attachment":[{"href":"https:\/\/symbiotek.io\/public\/wp-json\/wp\/v2\/media?parent=581"}],"curies":[{"name":"wp","href":"https:\/\/api.w.org\/{rel}","templated":true}]}}