{"id":569,"date":"2023-04-12T21:44:29","date_gmt":"2023-04-12T19:44:29","guid":{"rendered":"https:\/\/symbiotek.io\/?page_id=569"},"modified":"2023-04-13T02:01:05","modified_gmt":"2023-04-13T00:01:05","slug":"mentions-legales","status":"publish","type":"page","link":"https:\/\/symbiotek.io\/suite\/symbiobooking\/mentions-legales\/","title":{"rendered":"Mentions L\u00e9gales"},"content":{"rendered":"<p>[et_pb_section fb_built=\u00a0\u00bb1&Prime; theme_builder_area=\u00a0\u00bbpost_content\u00a0\u00bb _builder_version=\u00a0\u00bb4.20.4&Prime; _module_preset=\u00a0\u00bbdefault\u00a0\u00bb da_is_popup=\u00a0\u00bboff\u00a0\u00bb da_exit_intent=\u00a0\u00bboff\u00a0\u00bb da_has_close=\u00a0\u00bbon\u00a0\u00bb da_alt_close=\u00a0\u00bboff\u00a0\u00bb da_dark_close=\u00a0\u00bboff\u00a0\u00bb da_not_modal=\u00a0\u00bbon\u00a0\u00bb da_is_singular=\u00a0\u00bboff\u00a0\u00bb da_with_loader=\u00a0\u00bboff\u00a0\u00bb da_has_shadow=\u00a0\u00bbon\u00a0\u00bb da_disable_devices=\u00a0\u00bboff|off|off\u00a0\u00bb][et_pb_row _builder_version=\u00a0\u00bb4.20.4&Prime; _module_preset=\u00a0\u00bbdefault\u00a0\u00bb theme_builder_area=\u00a0\u00bbpost_content\u00a0\u00bb][et_pb_column _builder_version=\u00a0\u00bb4.20.4&Prime; _module_preset=\u00a0\u00bbdefault\u00a0\u00bb type=\u00a0\u00bb4_4&Prime; theme_builder_area=\u00a0\u00bbpost_content\u00a0\u00bb][et_pb_text _builder_version=\u00a0\u00bb4.20.4&Prime; _module_preset=\u00a0\u00bbdefault\u00a0\u00bb theme_builder_area=\u00a0\u00bbpost_content\u00a0\u00bb header_text_color=\u00a0\u00bb#2E3184&Prime; header_text_align=\u00a0\u00bbcenter\u00a0\u00bb header_font=\u00a0\u00bb|600|||||||\u00a0\u00bb hover_enabled=\u00a0\u00bb0&Prime; sticky_enabled=\u00a0\u00bb0&Prime;]<\/p>\n<h1>Les Mentions L\u00e9gales<\/h1>\n<p>[\/et_pb_text][\/et_pb_column][\/et_pb_row][et_pb_row _builder_version=\u00a0\u00bb4.20.4&Prime; _module_preset=\u00a0\u00bbdefault\u00a0\u00bb theme_builder_area=\u00a0\u00bbpost_content\u00a0\u00bb][et_pb_column _builder_version=\u00a0\u00bb4.20.4&Prime; _module_preset=\u00a0\u00bbdefault\u00a0\u00bb type=\u00a0\u00bb4_4&Prime; theme_builder_area=\u00a0\u00bbpost_content\u00a0\u00bb][et_pb_text _builder_version=\u00a0\u00bb4.20.4&Prime; _module_preset=\u00a0\u00bbdefault\u00a0\u00bb theme_builder_area=\u00a0\u00bbpost_content\u00a0\u00bb hover_enabled=\u00a0\u00bb0&Prime; sticky_enabled=\u00a0\u00bb0&Prime;]<\/p>\n<div class=\"et_pb_row et_pb_row_1\">\n<div class=\"et_pb_column et_pb_column_4_4 et_pb_column_1  et_pb_css_mix_blend_mode_passthrough et-last-child\">\n<div class=\"et_pb_module et_pb_text et_pb_text_1  et_pb_text_align_left et_pb_bg_layout_light\">\n<div class=\"et_pb_text_inner\">\n<p style=\"text-align: justify;\">Vous \u00eates actuellement connect\u00e9 au site Internet symbiotek.io propuls\u00e9 par la soci\u00e9t\u00e9 SAS SYMBIOTEK au capital social de 1000 euros, situ\u00e9 au 1 Rue Amiral Nielly, BREST (29200), FRANCE, immatricul\u00e9 sous le num\u00e9ro SIRET <strong><span style=\"text-decoration: underline;\">879 685 154 00012<\/span><\/strong> RCS BREST (FRANCE).<\/p>\n<p>Directeur de la publication :\u2028<br \/>Le Directeur G\u00e9n\u00e9ral en poste au sein de SymbioteK.<\/p>\n<p>Responsable du d\u00e9veloppement :\u2028<br \/>Le Directeur G\u00e9n\u00e9ral en poste au sein de SymbioteK. (Contact t\u00e9l\u00e9phonique de S\u00e9bastien Gourrier : +33650978178).<\/p>\n<p><b>Informations h\u00e9bergeur<\/b><\/p>\n<p>Nos serveurs sont h\u00e9berg\u00e9s chez : <br \/>\u2013 PLANETHOSTER PARIS (dont le si\u00e8ge social du groupe se trouve, 4416 Louis-B.-Mayer, Laval, Qu\u00e9bec, Canada, H7P 0G1).<\/p>\n<p><b>Gestion des donn\u00e9es \u00e0 caract\u00e8re personnel<\/b><\/p>\n<p style=\"text-align: justify;\">Le PRESTATAIRE respecte votre vie priv\u00e9e. Notre <a href=\"https:\/\/symbiotek.io\/suite\/symbiobooking\/politique-de-confidentialite\/\">Politique de confidentialit\u00e9<\/a> \u00e9nonce nos pratiques de confidentialit\u00e9 concernant la collecte et la gestion de vos informations par l\u2019interm\u00e9diaire de notre site internet, nos produits, services en ligne, applications et autres outils que nous proposons en ligne et hors-ligne. Elle pr\u00e9sente \u00e9galement nos pratiques de marketing et de publicit\u00e9. Consultez cette page pour prendre connaissance de notre politique de confidentialit\u00e9. Vous pouvez prendre connaissance des CGV et CGU quant \u00e0 l\u2019utilisation de notre site.<\/p>\n<\/div>\n<\/div>\n<\/div>\n<\/div>\n<p>[\/et_pb_text][\/et_pb_column][\/et_pb_row][\/et_pb_section]<\/p>\n","protected":false},"excerpt":{"rendered":"<p>Les Mentions L\u00e9gales Vous \u00eates actuellement connect\u00e9 au site Internet symbiotek.io propuls\u00e9 par la soci\u00e9t\u00e9 SAS SYMBIOTEK au capital social de 1000 euros, situ\u00e9 au 1 Rue Amiral Nielly, BREST (29200), FRANCE, immatricul\u00e9 sous le num\u00e9ro SIRET 879 685 154 00012 RCS BREST (FRANCE). Directeur de la publication :\u2028Le Directeur G\u00e9n\u00e9ral en poste au sein [&hellip;]<\/p>\n","protected":false},"author":3,"featured_media":0,"parent":0,"menu_order":0,"comment_status":"closed","ping_status":"closed","template":"","meta":{"_et_pb_use_builder":"on","_et_pb_old_content":"","_et_gb_content_width":""},"yoast_head":"<!-- This site is optimized with the Yoast SEO plugin v20.9 - https:\/\/yoast.com\/wordpress\/plugins\/seo\/ -->\n<title>Mentions L\u00e9gales - SymbioBooking<\/title>\n<meta name=\"description\" content=\"Ici vous trouverez les mentions l\u00e9gales de SymbioteK : directeur de la publication, informations h\u00e9bergeur, gestion des donn\u00e9es personnelles.\" \/>\n<meta name=\"robots\" content=\"index, follow, max-snippet:-1, max-image-preview:large, max-video-preview:-1\" \/>\n<link rel=\"canonical\" href=\"https:\/\/symbiotek.io\/suite\/symbiobooking\/mentions-legales\/\" \/>\n<meta property=\"og:locale\" content=\"fr_FR\" \/>\n<meta property=\"og:type\" content=\"article\" \/>\n<meta property=\"og:title\" content=\"Mentions L\u00e9gales - SymbioBooking\" \/>\n<meta property=\"og:description\" content=\"Ici vous trouverez les mentions l\u00e9gales de SymbioteK : directeur de la publication, informations h\u00e9bergeur, gestion des donn\u00e9es personnelles.\" \/>\n<meta property=\"og:url\" content=\"https:\/\/symbiotek.io\/suite\/symbiobooking\/mentions-legales\/\" \/>\n<meta property=\"og:site_name\" content=\"SymbioBooking\" \/>\n<meta property=\"article:modified_time\" content=\"2023-04-13T00:01:05+00:00\" \/>\n<meta name=\"twitter:card\" content=\"summary_large_image\" \/>\n<script type=\"application\/ld+json\" class=\"yoast-schema-graph\">{\"@context\":\"https:\/\/schema.org\",\"@graph\":[{\"@type\":\"WebPage\",\"@id\":\"https:\/\/symbiotek.io\/suite\/symbiobooking\/mentions-legales\/\",\"url\":\"https:\/\/symbiotek.io\/suite\/symbiobooking\/mentions-legales\/\",\"name\":\"Mentions L\u00e9gales - SymbioBooking\",\"isPartOf\":{\"@id\":\"https:\/\/symbiotek.io\/suite\/symbiobooking\/#website\"},\"datePublished\":\"2023-04-12T19:44:29+00:00\",\"dateModified\":\"2023-04-13T00:01:05+00:00\",\"description\":\"Ici vous trouverez les mentions l\u00e9gales de SymbioteK : directeur de la publication, informations h\u00e9bergeur, gestion des donn\u00e9es personnelles.\",\"breadcrumb\":{\"@id\":\"https:\/\/symbiotek.io\/suite\/symbiobooking\/mentions-legales\/#breadcrumb\"},\"inLanguage\":\"fr-FR\",\"potentialAction\":[{\"@type\":\"ReadAction\",\"target\":[\"https:\/\/symbiotek.io\/suite\/symbiobooking\/mentions-legales\/\"]}]},{\"@type\":\"BreadcrumbList\",\"@id\":\"https:\/\/symbiotek.io\/suite\/symbiobooking\/mentions-legales\/#breadcrumb\",\"itemListElement\":[{\"@type\":\"ListItem\",\"position\":1,\"name\":\"Accueil\",\"item\":\"https:\/\/symbiotek.io\/suite\/symbiobooking\/\"},{\"@type\":\"ListItem\",\"position\":2,\"name\":\"Mentions L\u00e9gales\"}]},{\"@type\":\"WebSite\",\"@id\":\"https:\/\/symbiotek.io\/suite\/symbiobooking\/#website\",\"url\":\"https:\/\/symbiotek.io\/suite\/symbiobooking\/\",\"name\":\"SymbioBooking\",\"description\":\"La symbiose parfaite entre efficacit\u00e9 et simplicit\u00e9 pour vos prises de rendez-vous en ligne !\",\"potentialAction\":[{\"@type\":\"SearchAction\",\"target\":{\"@type\":\"EntryPoint\",\"urlTemplate\":\"https:\/\/symbiotek.io\/suite\/symbiobooking\/?s={search_term_string}\"},\"query-input\":\"required name=search_term_string\"}],\"inLanguage\":\"fr-FR\"}]}<\/script>\n<!-- \/ Yoast SEO plugin. -->","yoast_head_json":{"title":"Mentions L\u00e9gales - SymbioBooking","description":"Ici vous trouverez les mentions l\u00e9gales de SymbioteK : directeur de la publication, informations h\u00e9bergeur, gestion des donn\u00e9es personnelles.","robots":{"index":"index","follow":"follow","max-snippet":"max-snippet:-1","max-image-preview":"max-image-preview:large","max-video-preview":"max-video-preview:-1"},"canonical":"https:\/\/symbiotek.io\/suite\/symbiobooking\/mentions-legales\/","og_locale":"fr_FR","og_type":"article","og_title":"Mentions L\u00e9gales - SymbioBooking","og_description":"Ici vous trouverez les mentions l\u00e9gales de SymbioteK : directeur de la publication, informations h\u00e9bergeur, gestion des donn\u00e9es personnelles.","og_url":"https:\/\/symbiotek.io\/suite\/symbiobooking\/mentions-legales\/","og_site_name":"SymbioBooking","article_modified_time":"2023-04-13T00:01:05+00:00","twitter_card":"summary_large_image","schema":{"@context":"https:\/\/schema.org","@graph":[{"@type":"WebPage","@id":"https:\/\/symbiotek.io\/suite\/symbiobooking\/mentions-legales\/","url":"https:\/\/symbiotek.io\/suite\/symbiobooking\/mentions-legales\/","name":"Mentions L\u00e9gales - SymbioBooking","isPartOf":{"@id":"https:\/\/symbiotek.io\/suite\/symbiobooking\/#website"},"datePublished":"2023-04-12T19:44:29+00:00","dateModified":"2023-04-13T00:01:05+00:00","description":"Ici vous trouverez les mentions l\u00e9gales de SymbioteK : directeur de la publication, informations h\u00e9bergeur, gestion des donn\u00e9es personnelles.","breadcrumb":{"@id":"https:\/\/symbiotek.io\/suite\/symbiobooking\/mentions-legales\/#breadcrumb"},"inLanguage":"fr-FR","potentialAction":[{"@type":"ReadAction","target":["https:\/\/symbiotek.io\/suite\/symbiobooking\/mentions-legales\/"]}]},{"@type":"BreadcrumbList","@id":"https:\/\/symbiotek.io\/suite\/symbiobooking\/mentions-legales\/#breadcrumb","itemListElement":[{"@type":"ListItem","position":1,"name":"Accueil","item":"https:\/\/symbiotek.io\/suite\/symbiobooking\/"},{"@type":"ListItem","position":2,"name":"Mentions L\u00e9gales"}]},{"@type":"WebSite","@id":"https:\/\/symbiotek.io\/suite\/symbiobooking\/#website","url":"https:\/\/symbiotek.io\/suite\/symbiobooking\/","name":"SymbioBooking","description":"La symbiose parfaite entre efficacit\u00e9 et simplicit\u00e9 pour vos prises de rendez-vous en ligne !","potentialAction":[{"@type":"SearchAction","target":{"@type":"EntryPoint","urlTemplate":"https:\/\/symbiotek.io\/suite\/symbiobooking\/?s={search_term_string}"},"query-input":"required name=search_term_string"}],"inLanguage":"fr-FR"}]}},"_links":{"self":[{"href":"https:\/\/symbiotek.io\/suite\/symbiobooking\/wp-json\/wp\/v2\/pages\/569"}],"collection":[{"href":"https:\/\/symbiotek.io\/suite\/symbiobooking\/wp-json\/wp\/v2\/pages"}],"about":[{"href":"https:\/\/symbiotek.io\/suite\/symbiobooking\/wp-json\/wp\/v2\/types\/page"}],"author":[{"embeddable":true,"href":"https:\/\/symbiotek.io\/suite\/symbiobooking\/wp-json\/wp\/v2\/users\/3"}],"replies":[{"embeddable":true,"href":"https:\/\/symbiotek.io\/suite\/symbiobooking\/wp-json\/wp\/v2\/comments?post=569"}],"version-history":[{"count":3,"href":"https:\/\/symbiotek.io\/suite\/symbiobooking\/wp-json\/wp\/v2\/pages\/569\/revisions"}],"predecessor-version":[{"id":575,"href":"https:\/\/symbiotek.io\/suite\/symbiobooking\/wp-json\/wp\/v2\/pages\/569\/revisions\/575"}],"wp:attachment":[{"href":"https:\/\/symbiotek.io\/suite\/symbiobooking\/wp-json\/wp\/v2\/media?parent=569"}],"curies":[{"name":"wp","href":"https:\/\/api.w.org\/{rel}","templated":true}]}}