{"id":627,"date":"2023-04-21T12:21:10","date_gmt":"2023-04-21T10:21:10","guid":{"rendered":"https:\/\/symbiotek.io\/suite\/symbiobooking\/?page_id=627"},"modified":"2023-04-30T16:37:05","modified_gmt":"2023-04-30T14:37:05","slug":"retrouver-mot-de-passe","status":"publish","type":"page","link":"https:\/\/symbiotek.io\/suite\/symbiobooking\/retrouver-mot-de-passe\/","title":{"rendered":"Retrouver son mot de passe"},"content":{"rendered":"<p>[et_pb_section fb_built=\u00a0\u00bb1&Prime; next_background_color=\u00a0\u00bb#f2f2f2&Prime; _builder_version=\u00a0\u00bb4.20.4&Prime; bottom_divider_style=\u00a0\u00bbwave2&Prime; bottom_divider_height=\u00a0\u00bb33px\u00a0\u00bb da_disable_devices=\u00a0\u00bboff|off|off\u00a0\u00bb locked=\u00a0\u00bboff\u00a0\u00bb global_colors_info=\u00a0\u00bb{}\u00a0\u00bb background_color=\u00a0\u00bb#002768&Prime; use_background_color_gradient=\u00a0\u00bbon\u00a0\u00bb background_color_gradient_direction=\u00a0\u00bb91deg\u00a0\u00bb background_color_gradient_stops=\u00a0\u00bb#002450 0%|#002b7f 100%\u00a0\u00bb da_is_popup=\u00a0\u00bboff\u00a0\u00bb da_exit_intent=\u00a0\u00bboff\u00a0\u00bb da_has_close=\u00a0\u00bbon\u00a0\u00bb da_alt_close=\u00a0\u00bboff\u00a0\u00bb da_dark_close=\u00a0\u00bboff\u00a0\u00bb da_not_modal=\u00a0\u00bbon\u00a0\u00bb da_is_singular=\u00a0\u00bboff\u00a0\u00bb da_with_loader=\u00a0\u00bboff\u00a0\u00bb da_has_shadow=\u00a0\u00bbon\u00a0\u00bb][et_pb_row _builder_version=\u00a0\u00bb4.20.4&Prime; _module_preset=\u00a0\u00bbdefault\u00a0\u00bb global_colors_info=\u00a0\u00bb{}\u00a0\u00bb][et_pb_column type=\u00a0\u00bb4_4&Prime; _builder_version=\u00a0\u00bb4.20.4&Prime; _module_preset=\u00a0\u00bbdefault\u00a0\u00bb global_colors_info=\u00a0\u00bb{}\u00a0\u00bb][et_pb_image src=\u00a0\u00bbhttps:\/\/symbiotek.io\/suite\/symbiobooking\/wp-content\/uploads\/2023\/04\/Logo-SymbioBooking-blanc-1024&#215;225.png\u00a0\u00bb title_text=\u00a0\u00bbLogo-SymbioBooking-blanc\u00a0\u00bb _builder_version=\u00a0\u00bb4.20.4&Prime; _module_preset=\u00a0\u00bbdefault\u00a0\u00bb max_width=\u00a0\u00bb300px\u00a0\u00bb module_alignment=\u00a0\u00bbcenter\u00a0\u00bb global_colors_info=\u00a0\u00bb{}\u00a0\u00bb][\/et_pb_image][et_pb_divider color=\u00a0\u00bb#FFFFFF\u00a0\u00bb _builder_version=\u00a0\u00bb4.20.4&Prime; _module_preset=\u00a0\u00bbdefault\u00a0\u00bb max_width=\u00a0\u00bb50px\u00a0\u00bb module_alignment=\u00a0\u00bbcenter\u00a0\u00bb global_colors_info=\u00a0\u00bb{}\u00a0\u00bb][\/et_pb_divider][et_pb_text _builder_version=\u00a0\u00bb4.20.4&Prime; _module_preset=\u00a0\u00bbdefault\u00a0\u00bb header_2_font=\u00a0\u00bb|600||||on|||\u00a0\u00bb header_2_text_align=\u00a0\u00bbcenter\u00a0\u00bb header_2_text_color=\u00a0\u00bb#FFFFFF\u00a0\u00bb header_2_font_size=\u00a0\u00bb30px\u00a0\u00bb global_colors_info=\u00a0\u00bb{}\u00a0\u00bb]<\/p>\n<h2>Mot de passe oubli\u00e9<\/h2>\n<p>[\/et_pb_text][et_pb_code _builder_version=\u00a0\u00bb4.20.4&Prime; _module_preset=\u00a0\u00bbdefault\u00a0\u00bb text_orientation=\u00a0\u00bbcenter\u00a0\u00bb global_colors_info=\u00a0\u00bb{}\u00a0\u00bb]<\/p>\n<div align=\"center\" style=\"display:block;margin:auto;\"><!-- [et_pb_line_break_holder] -->  \n<div class=\"bookneticsaas_forgot_password\">\n\t<div class=\"bookneticsaas_step_1\">\n\t\t<div class=\"bookneticsaas_header\">Mot de passe oubli\u00e9<\/div>\n\t\t<form method=\"post\" class=\"bookneticsaas_form\">\n\t\t\t<div class=\"bookneticsaas_form_element\">\n\t\t\t\t<label for=\"bookneticsaas_email\">Email<\/label>\n\t\t\t\t<input type=\"text\" id=\"bookneticsaas_email\" maxlength=\"100\" name=\"email\">\n\t\t\t<\/div>\n\t\t\t<div>\n\t\t\t\t<button type=\"submit\" class=\"bookneticsaas_btn_primary bookneticsaas_forgot_password_btn\">CONTINUER<\/button>\n\t\t\t<\/div>\n\t\t<\/form>\n\t\t<div class=\"bookneticsaas_footer\">\n\t\t\t<span>Vous avez d\u00e9j\u00e0 un compte ?<\/span>\n\t\t\t<a href=\"https:\/\/symbiotek.io\/suite\/symbiobooking\/connexion\/\">Se connecter<\/a>\n\t\t<\/div>\n\t<\/div>\n\t<div class=\"bookneticsaas_step_2\">\n\t\t<div class=\"bookneticsaas_header\">F\u00e9licitations!<\/div>\n\t\t<div class=\"bookneticsaas_check_your_email\">\n\t\t\tNous devons v\u00e9rifier votre e-mail.<br\/>\n\t\t\tS\u2019il vous pla\u00eet, v\u00e9rifiez votre bo\u00eete email pour un lien de confirmation.            <!-- ADD SYMBIOTEK - CLASS DEFINE BY DIVI -->\n            <br\/><br\/>\n            <span class=\"symbiotek-blue-color symbiotek-yellow-bg\">\n                SI VOUS NE RECEVEZ PAS LE LIEN, v\u00e9rifiez vos courriers ind\u00e9sirables. Sinon, dans quelques instants un lien va appara\u00eetre ci-dessous pour renvoyer un autre email d&#039;activation dans votre boite.            <\/span>\n\t\t<\/div>\n\t\t<div class=\"bookneticsaas_email_success\">\n\t\t\t<img decoding=\"async\" src=\"https:\/\/symbiotek.io\/suite\/symbiobooking\/wp-content\/plugins\/booknetic-saas\/app\/Frontend\/assets\/images\/signup-success.svg\" alt=\"\">\n\t\t<\/div>\n\t\t<div class=\"bookneticsaas_footer bookneticsaas_resend_activation\">\n\t\t\t<span>Didn&#039;t receive the email?<\/span>\n\t\t\t<a href=\"javascript:;\" class=\"bookneticsaas_resend_activation_link\">Envoyer \u00e0 nouveau<\/a>\n\t\t<\/div>\n\t<\/div>\n<\/div>\n<!-- [et_pb_line_break_holder] --><\/div>\n<p>[\/et_pb_code][\/et_pb_column][\/et_pb_row][\/et_pb_section]<\/p>\n","protected":false},"excerpt":{"rendered":"<p>Mot de passe oubli\u00e9 \n<div class=\"bookneticsaas_forgot_password\">\n\t<div class=\"bookneticsaas_step_1\">\n\t\t<div class=\"bookneticsaas_header\">Mot de passe oubli\u00e9<\/div>\n\t\t<form method=\"post\" class=\"bookneticsaas_form\">\n\t\t\t<div class=\"bookneticsaas_form_element\">\n\t\t\t\t<label for=\"bookneticsaas_email\">Email<\/label>\n\t\t\t\t<input type=\"text\" id=\"bookneticsaas_email\" maxlength=\"100\" name=\"email\">\n\t\t\t<\/div>\n\t\t\t<div>\n\t\t\t\t<button type=\"submit\" class=\"bookneticsaas_btn_primary bookneticsaas_forgot_password_btn\">CONTINUER<\/button>\n\t\t\t<\/div>\n\t\t<\/form>\n\t\t<div class=\"bookneticsaas_footer\">\n\t\t\t<span>Vous avez d\u00e9j\u00e0 un compte ?<\/span>\n\t\t\t<a href=\"https:\/\/symbiotek.io\/suite\/symbiobooking\/connexion\/\">Se connecter<\/a>\n\t\t<\/div>\n\t<\/div>\n\t<div class=\"bookneticsaas_step_2\">\n\t\t<div class=\"bookneticsaas_header\">F\u00e9licitations!<\/div>\n\t\t<div class=\"bookneticsaas_check_your_email\">\n\t\t\tNous devons v\u00e9rifier votre e-mail.<br\/>\n\t\t\tS\u2019il vous pla\u00eet, v\u00e9rifiez votre bo\u00eete email pour un lien de confirmation.            <!-- ADD SYMBIOTEK - CLASS DEFINE BY DIVI -->\n            <br\/><br\/>\n            <span class=\"symbiotek-blue-color symbiotek-yellow-bg\">\n                SI VOUS NE RECEVEZ PAS LE LIEN, v\u00e9rifiez vos courriers ind\u00e9sirables. Sinon, dans quelques instants un lien va appara\u00eetre ci-dessous pour renvoyer un autre email d&#039;activation dans votre boite.            <\/span>\n\t\t<\/div>\n\t\t<div class=\"bookneticsaas_email_success\">\n\t\t\t<img src=\"https:\/\/symbiotek.io\/suite\/symbiobooking\/wp-content\/plugins\/booknetic-saas\/app\/Frontend\/assets\/images\/signup-success.svg\" alt=\"\">\n\t\t<\/div>\n\t\t<div class=\"bookneticsaas_footer bookneticsaas_resend_activation\">\n\t\t\t<span>Didn&#039;t receive the email?<\/span>\n\t\t\t<a href=\"javascript:;\" class=\"bookneticsaas_resend_activation_link\">Envoyer \u00e0 nouveau<\/a>\n\t\t<\/div>\n\t<\/div>\n<\/div>\n<\/p>\n","protected":false},"author":3,"featured_media":0,"parent":0,"menu_order":0,"comment_status":"closed","ping_status":"closed","template":"","meta":{"_et_pb_use_builder":"on","_et_pb_old_content":"<!-- wp:booknetic\/forgot-password -->\n<div class=\"wp-block-booknetic-forgot-password\">[booknetic-saas-forgot-password]<\/div>\n<!-- \/wp:booknetic\/forgot-password -->","_et_gb_content_width":""},"yoast_head":"<!-- This site is optimized with the Yoast SEO plugin v20.9 - https:\/\/yoast.com\/wordpress\/plugins\/seo\/ -->\n<title>Retrouver son mot de passe - SymbioBooking<\/title>\n<meta name=\"robots\" content=\"index, follow, max-snippet:-1, max-image-preview:large, max-video-preview:-1\" \/>\n<link rel=\"canonical\" href=\"https:\/\/symbiotek.io\/suite\/symbiobooking\/retrouver-mot-de-passe\/\" \/>\n<meta property=\"og:locale\" content=\"fr_FR\" \/>\n<meta property=\"og:type\" content=\"article\" \/>\n<meta property=\"og:title\" content=\"Retrouver son mot de passe - SymbioBooking\" \/>\n<meta property=\"og:description\" content=\"Mot de passe oubli\u00e9\" \/>\n<meta property=\"og:url\" content=\"https:\/\/symbiotek.io\/suite\/symbiobooking\/retrouver-mot-de-passe\/\" \/>\n<meta property=\"og:site_name\" content=\"SymbioBooking\" \/>\n<meta property=\"article:modified_time\" content=\"2023-04-30T14:37:05+00:00\" \/>\n<meta name=\"twitter:card\" content=\"summary_large_image\" \/>\n<meta name=\"twitter:label1\" content=\"Dur\u00e9e de lecture estim\u00e9e\" \/>\n\t<meta name=\"twitter:data1\" content=\"1 minute\" \/>\n<script type=\"application\/ld+json\" class=\"yoast-schema-graph\">{\"@context\":\"https:\/\/schema.org\",\"@graph\":[{\"@type\":\"WebPage\",\"@id\":\"https:\/\/symbiotek.io\/suite\/symbiobooking\/retrouver-mot-de-passe\/\",\"url\":\"https:\/\/symbiotek.io\/suite\/symbiobooking\/retrouver-mot-de-passe\/\",\"name\":\"Retrouver son mot de passe - SymbioBooking\",\"isPartOf\":{\"@id\":\"https:\/\/symbiotek.io\/suite\/symbiobooking\/#website\"},\"datePublished\":\"2023-04-21T10:21:10+00:00\",\"dateModified\":\"2023-04-30T14:37:05+00:00\",\"breadcrumb\":{\"@id\":\"https:\/\/symbiotek.io\/suite\/symbiobooking\/retrouver-mot-de-passe\/#breadcrumb\"},\"inLanguage\":\"fr-FR\",\"potentialAction\":[{\"@type\":\"ReadAction\",\"target\":[\"https:\/\/symbiotek.io\/suite\/symbiobooking\/retrouver-mot-de-passe\/\"]}]},{\"@type\":\"BreadcrumbList\",\"@id\":\"https:\/\/symbiotek.io\/suite\/symbiobooking\/retrouver-mot-de-passe\/#breadcrumb\",\"itemListElement\":[{\"@type\":\"ListItem\",\"position\":1,\"name\":\"Accueil\",\"item\":\"https:\/\/symbiotek.io\/suite\/symbiobooking\/\"},{\"@type\":\"ListItem\",\"position\":2,\"name\":\"Retrouver son mot de passe\"}]},{\"@type\":\"WebSite\",\"@id\":\"https:\/\/symbiotek.io\/suite\/symbiobooking\/#website\",\"url\":\"https:\/\/symbiotek.io\/suite\/symbiobooking\/\",\"name\":\"SymbioBooking\",\"description\":\"La symbiose parfaite entre efficacit\u00e9 et simplicit\u00e9 pour vos prises de rendez-vous en ligne !\",\"potentialAction\":[{\"@type\":\"SearchAction\",\"target\":{\"@type\":\"EntryPoint\",\"urlTemplate\":\"https:\/\/symbiotek.io\/suite\/symbiobooking\/?s={search_term_string}\"},\"query-input\":\"required name=search_term_string\"}],\"inLanguage\":\"fr-FR\"}]}<\/script>\n<!-- \/ Yoast SEO plugin. -->","yoast_head_json":{"title":"Retrouver son mot de passe - SymbioBooking","robots":{"index":"index","follow":"follow","max-snippet":"max-snippet:-1","max-image-preview":"max-image-preview:large","max-video-preview":"max-video-preview:-1"},"canonical":"https:\/\/symbiotek.io\/suite\/symbiobooking\/retrouver-mot-de-passe\/","og_locale":"fr_FR","og_type":"article","og_title":"Retrouver son mot de passe - SymbioBooking","og_description":"Mot de passe oubli\u00e9","og_url":"https:\/\/symbiotek.io\/suite\/symbiobooking\/retrouver-mot-de-passe\/","og_site_name":"SymbioBooking","article_modified_time":"2023-04-30T14:37:05+00:00","twitter_card":"summary_large_image","twitter_misc":{"Dur\u00e9e de lecture estim\u00e9e":"1 minute"},"schema":{"@context":"https:\/\/schema.org","@graph":[{"@type":"WebPage","@id":"https:\/\/symbiotek.io\/suite\/symbiobooking\/retrouver-mot-de-passe\/","url":"https:\/\/symbiotek.io\/suite\/symbiobooking\/retrouver-mot-de-passe\/","name":"Retrouver son mot de passe - SymbioBooking","isPartOf":{"@id":"https:\/\/symbiotek.io\/suite\/symbiobooking\/#website"},"datePublished":"2023-04-21T10:21:10+00:00","dateModified":"2023-04-30T14:37:05+00:00","breadcrumb":{"@id":"https:\/\/symbiotek.io\/suite\/symbiobooking\/retrouver-mot-de-passe\/#breadcrumb"},"inLanguage":"fr-FR","potentialAction":[{"@type":"ReadAction","target":["https:\/\/symbiotek.io\/suite\/symbiobooking\/retrouver-mot-de-passe\/"]}]},{"@type":"BreadcrumbList","@id":"https:\/\/symbiotek.io\/suite\/symbiobooking\/retrouver-mot-de-passe\/#breadcrumb","itemListElement":[{"@type":"ListItem","position":1,"name":"Accueil","item":"https:\/\/symbiotek.io\/suite\/symbiobooking\/"},{"@type":"ListItem","position":2,"name":"Retrouver son mot de passe"}]},{"@type":"WebSite","@id":"https:\/\/symbiotek.io\/suite\/symbiobooking\/#website","url":"https:\/\/symbiotek.io\/suite\/symbiobooking\/","name":"SymbioBooking","description":"La symbiose parfaite entre efficacit\u00e9 et simplicit\u00e9 pour vos prises de rendez-vous en ligne !","potentialAction":[{"@type":"SearchAction","target":{"@type":"EntryPoint","urlTemplate":"https:\/\/symbiotek.io\/suite\/symbiobooking\/?s={search_term_string}"},"query-input":"required name=search_term_string"}],"inLanguage":"fr-FR"}]}},"_links":{"self":[{"href":"https:\/\/symbiotek.io\/suite\/symbiobooking\/wp-json\/wp\/v2\/pages\/627"}],"collection":[{"href":"https:\/\/symbiotek.io\/suite\/symbiobooking\/wp-json\/wp\/v2\/pages"}],"about":[{"href":"https:\/\/symbiotek.io\/suite\/symbiobooking\/wp-json\/wp\/v2\/types\/page"}],"author":[{"embeddable":true,"href":"https:\/\/symbiotek.io\/suite\/symbiobooking\/wp-json\/wp\/v2\/users\/3"}],"replies":[{"embeddable":true,"href":"https:\/\/symbiotek.io\/suite\/symbiobooking\/wp-json\/wp\/v2\/comments?post=627"}],"version-history":[{"count":7,"href":"https:\/\/symbiotek.io\/suite\/symbiobooking\/wp-json\/wp\/v2\/pages\/627\/revisions"}],"predecessor-version":[{"id":687,"href":"https:\/\/symbiotek.io\/suite\/symbiobooking\/wp-json\/wp\/v2\/pages\/627\/revisions\/687"}],"wp:attachment":[{"href":"https:\/\/symbiotek.io\/suite\/symbiobooking\/wp-json\/wp\/v2\/media?parent=627"}],"curies":[{"name":"wp","href":"https:\/\/api.w.org\/{rel}","templated":true}]}}